{"id":79,"date":"2017-09-06T21:08:33","date_gmt":"2017-09-06T21:08:33","guid":{"rendered":"http:\/\/www.iamslic.org\/grupolatino\/?page_id=79"},"modified":"2017-12-15T22:32:52","modified_gmt":"2017-12-15T22:32:52","slug":"galeria","status":"publish","type":"page","link":"https:\/\/www.iamslic.org\/grupolatino\/galeria\/","title":{"rendered":"Galer\u00eda"},"content":{"rendered":"<h3 class=\"blogtitle\" style=\"text-align: center;\"><a href=\"http:\/\/www.ioc-unesco.org\/index.php?option=com_oe&amp;task=viewEventRecord&amp;eventID=2019\" target=\"_blank\" rel=\"noopener\"><strong>Curso de repositorios digitales<\/strong><\/a><br \/>\n<strong>EL CAMINO DEL ACCESO ABIERTO A LA GESTI\u00d3N DE ARCHIVOS DIGITALES<br \/>\n<\/strong>NOVIEMBRE 27-30, 2017 &#8211;\u00a0 SANTA MARTA, COLOMBIA<\/h3>\n<p style=\"text-align: center;\"><div class=\"slider-wrapper theme-light\"><div class=\"ribbon\"><\/div><div id=\"nivoslider-pv6bE-395\" class=\"nivoSlider\"><img src=\"https:\/\/www.iamslic.org\/grupolatino\/wp-content\/uploads\/2017\/12\/01.jpg\" alt=\"\" \/><img src=\"https:\/\/www.iamslic.org\/grupolatino\/wp-content\/uploads\/2017\/12\/02.jpg\" title=\"#nivoslider-pv6bE-395-caption-0\" alt=\"\" \/><img src=\"https:\/\/www.iamslic.org\/grupolatino\/wp-content\/uploads\/2017\/12\/03.jpg\" alt=\"\" \/><img src=\"https:\/\/www.iamslic.org\/grupolatino\/wp-content\/uploads\/2017\/12\/06.jpg\" alt=\"\" \/><img src=\"https:\/\/www.iamslic.org\/grupolatino\/wp-content\/uploads\/2017\/12\/05-1.jpg\" alt=\"\" \/><img src=\"https:\/\/www.iamslic.org\/grupolatino\/wp-content\/uploads\/2017\/12\/07.jpg\" alt=\"\" \/><img src=\"https:\/\/www.iamslic.org\/grupolatino\/wp-content\/uploads\/2017\/12\/08.jpg\" alt=\"\" \/><img src=\"https:\/\/www.iamslic.org\/grupolatino\/wp-content\/uploads\/2017\/12\/09.jpg\" alt=\"\" \/><img src=\"https:\/\/www.iamslic.org\/grupolatino\/wp-content\/uploads\/2017\/12\/10.jpg\" alt=\"\" \/><img src=\"https:\/\/www.iamslic.org\/grupolatino\/wp-content\/uploads\/2017\/12\/12.jpg\" alt=\"\" \/><img src=\"https:\/\/www.iamslic.org\/grupolatino\/wp-content\/uploads\/2017\/12\/13.jpg\" alt=\"\" \/><img src=\"https:\/\/www.iamslic.org\/grupolatino\/wp-content\/uploads\/2017\/12\/14.jpg\" alt=\"\" \/><img src=\"https:\/\/www.iamslic.org\/grupolatino\/wp-content\/uploads\/2017\/12\/15.jpg\" alt=\"\" \/><img src=\"https:\/\/www.iamslic.org\/grupolatino\/wp-content\/uploads\/2017\/12\/16.jpg\" alt=\"\" \/><\/div><\/div><div id=\"nivoslider-pv6bE-395-caption-0\" class=\"nivo-html-caption\">Instiuto de Investigacines del Mar (INVEMAR)<\/div><script type=\"text\/javascript\">\njQuery(window).load(function(){\n    jQuery(\"#nivoslider-pv6bE-395\").nivoSlider({\n        effect:\"fade\",\n        slices:15,\n        boxCols:8,\n        boxRows:4,\n        animSpeed:500,\n        pauseTime:3000,\n        startSlide:0,\n        directionNav:true,\n        controlNav:true,\n        controlNavThumbs:false,\n        pauseOnHover:true,\n        manualAdvance:false\n    });\n});\n<\/script>\n<\/p>\n<hr \/>\n<h3 class=\"blogtitle\" style=\"text-align: center;\"><strong>SIMPOSIO Simposio de la Comisi\u00f3n T\u00e9cnica Mixta<br \/>\ndel Frente Mar\u00edtimo<\/strong><br \/>\nnoviembre 21-23, 2017 &#8211; tigre, bs, as., argentina<\/h3>\n<p style=\"text-align: center;\"><div class=\"slider-wrapper theme-light\"><div class=\"ribbon\"><\/div><div id=\"nivoslider-EFofk-417\" class=\"nivoSlider\"><img src=\"https:\/\/www.iamslic.org\/grupolatino\/wp-content\/uploads\/2017\/12\/foto-001.jpg\" alt=\"\" \/><img src=\"https:\/\/www.iamslic.org\/grupolatino\/wp-content\/uploads\/2017\/12\/foto-002.jpg\" alt=\"\" \/><img src=\"https:\/\/www.iamslic.org\/grupolatino\/wp-content\/uploads\/2017\/12\/foto-003.jpg\" alt=\"\" \/><img src=\"https:\/\/www.iamslic.org\/grupolatino\/wp-content\/uploads\/2017\/12\/foto-004.jpg\" alt=\"\" \/><img src=\"https:\/\/www.iamslic.org\/grupolatino\/wp-content\/uploads\/2017\/12\/foto-005.jpg\" alt=\"\" \/><img src=\"https:\/\/www.iamslic.org\/grupolatino\/wp-content\/uploads\/2017\/12\/foto-006.jpg\" alt=\"\" \/><img src=\"https:\/\/www.iamslic.org\/grupolatino\/wp-content\/uploads\/2017\/12\/foto-007.jpg\" alt=\"\" \/><\/div><\/div><script type=\"text\/javascript\">\njQuery(window).load(function(){\n    jQuery(\"#nivoslider-EFofk-417\").nivoSlider({\n        effect:\"fade\",\n        slices:15,\n        boxCols:8,\n        boxRows:4,\n        animSpeed:500,\n        pauseTime:3000,\n        startSlide:0,\n        directionNav:true,\n        controlNav:true,\n        controlNavThumbs:false,\n        pauseOnHover:true,\n        manualAdvance:false\n    });\n});\n<\/script>\n<\/p>\n<hr \/>\n<h3 class=\"blogtitle\" style=\"text-align: center;\"><a href=\"http:\/\/www.iamslic.org\/conf2016\/\"><strong>42nd IAMSLIC Annual Conference<\/strong><br \/>\n<\/a>Octubre 16-20, 2016 &#8211; M\u00c9rida, M\u00e9xico<\/h3>\n<p style=\"text-align: center;\"><div class=\"slider-wrapper theme-light controlnav-thumbs\"><div class=\"ribbon\"><\/div><div id=\"nivoslider-4D2WH-297\" class=\"nivoSlider\"><img src=\"https:\/\/www.iamslic.org\/grupolatino\/wp-content\/uploads\/2017\/09\/IAMSLIC_group_photo_2016-5.jpg\" data-thumb=\"https:\/\/www.iamslic.org\/grupolatino\/wp-content\/uploads\/2017\/09\/IAMSLIC_group_photo_2016-5-150x150.jpg\" alt=\"\" \/><img src=\"https:\/\/www.iamslic.org\/grupolatino\/wp-content\/uploads\/2017\/09\/IAMSLIC_We_are_2016-5.jpg\" data-thumb=\"https:\/\/www.iamslic.org\/grupolatino\/wp-content\/uploads\/2017\/09\/IAMSLIC_We_are_2016-5-150x150.jpg\" alt=\"\" \/><img src=\"https:\/\/www.iamslic.org\/grupolatino\/wp-content\/uploads\/2017\/09\/IMG_6431-modif-1.jpg\" data-thumb=\"https:\/\/www.iamslic.org\/grupolatino\/wp-content\/uploads\/2017\/09\/IMG_6431-modif-1-150x150.jpg\" alt=\"\" \/><img src=\"https:\/\/www.iamslic.org\/grupolatino\/wp-content\/uploads\/2017\/09\/IMG_6314-modif-3.jpg\" data-thumb=\"https:\/\/www.iamslic.org\/grupolatino\/wp-content\/uploads\/2017\/09\/IMG_6314-modif-3-150x150.jpg\" alt=\"\" \/><img src=\"https:\/\/www.iamslic.org\/grupolatino\/wp-content\/uploads\/2017\/09\/IMG_6337_SM.jpg\" data-thumb=\"https:\/\/www.iamslic.org\/grupolatino\/wp-content\/uploads\/2017\/09\/IMG_6337_SM-150x150.jpg\" alt=\"\" \/><img src=\"https:\/\/www.iamslic.org\/grupolatino\/wp-content\/uploads\/2017\/09\/IMG_6289_SM.jpg\" data-thumb=\"https:\/\/www.iamslic.org\/grupolatino\/wp-content\/uploads\/2017\/09\/IMG_6289_SM-150x150.jpg\" alt=\"\" \/><img src=\"https:\/\/www.iamslic.org\/grupolatino\/wp-content\/uploads\/2017\/09\/IMG_6323_SM.jpg\" data-thumb=\"https:\/\/www.iamslic.org\/grupolatino\/wp-content\/uploads\/2017\/09\/IMG_6323_SM-150x150.jpg\" alt=\"\" \/><img src=\"https:\/\/www.iamslic.org\/grupolatino\/wp-content\/uploads\/2017\/09\/IMG_6339_SM.jpg\" data-thumb=\"https:\/\/www.iamslic.org\/grupolatino\/wp-content\/uploads\/2017\/09\/IMG_6339_SM-150x150.jpg\" alt=\"\" \/><img src=\"https:\/\/www.iamslic.org\/grupolatino\/wp-content\/uploads\/2017\/09\/IMG_6380_SM.jpg\" data-thumb=\"https:\/\/www.iamslic.org\/grupolatino\/wp-content\/uploads\/2017\/09\/IMG_6380_SM-150x150.jpg\" alt=\"\" \/><img src=\"https:\/\/www.iamslic.org\/grupolatino\/wp-content\/uploads\/2017\/09\/IMG_6388_SM.jpg\" data-thumb=\"https:\/\/www.iamslic.org\/grupolatino\/wp-content\/uploads\/2017\/09\/IMG_6388_SM-150x150.jpg\" alt=\"\" \/><img src=\"https:\/\/www.iamslic.org\/grupolatino\/wp-content\/uploads\/2017\/09\/IMG_6421_SM.jpg\" data-thumb=\"https:\/\/www.iamslic.org\/grupolatino\/wp-content\/uploads\/2017\/09\/IMG_6421_SM-150x150.jpg\" alt=\"\" \/><img src=\"https:\/\/www.iamslic.org\/grupolatino\/wp-content\/uploads\/2017\/09\/IMG_6428_SM.jpg\" data-thumb=\"https:\/\/www.iamslic.org\/grupolatino\/wp-content\/uploads\/2017\/09\/IMG_6428_SM-150x150.jpg\" alt=\"\" \/><img src=\"https:\/\/www.iamslic.org\/grupolatino\/wp-content\/uploads\/2017\/09\/IMG_6430_SM.jpg\" data-thumb=\"https:\/\/www.iamslic.org\/grupolatino\/wp-content\/uploads\/2017\/09\/IMG_6430_SM-150x150.jpg\" alt=\"\" \/><img src=\"https:\/\/www.iamslic.org\/grupolatino\/wp-content\/uploads\/2017\/09\/IMG_6693_SM.jpg\" data-thumb=\"https:\/\/www.iamslic.org\/grupolatino\/wp-content\/uploads\/2017\/09\/IMG_6693_SM-150x150.jpg\" alt=\"\" \/><img src=\"https:\/\/www.iamslic.org\/grupolatino\/wp-content\/uploads\/2017\/09\/IMG_6694_SM.jpg\" data-thumb=\"https:\/\/www.iamslic.org\/grupolatino\/wp-content\/uploads\/2017\/09\/IMG_6694_SM-150x150.jpg\" alt=\"\" \/><img src=\"https:\/\/www.iamslic.org\/grupolatino\/wp-content\/uploads\/2017\/09\/IMG_6710_SM.jpg\" data-thumb=\"https:\/\/www.iamslic.org\/grupolatino\/wp-content\/uploads\/2017\/09\/IMG_6710_SM-150x150.jpg\" alt=\"\" \/><img src=\"https:\/\/www.iamslic.org\/grupolatino\/wp-content\/uploads\/2017\/09\/IMG_6715_SM.jpg\" data-thumb=\"https:\/\/www.iamslic.org\/grupolatino\/wp-content\/uploads\/2017\/09\/IMG_6715_SM-150x150.jpg\" alt=\"\" \/><img src=\"https:\/\/www.iamslic.org\/grupolatino\/wp-content\/uploads\/2017\/09\/IMG_6716_SM.jpg\" data-thumb=\"https:\/\/www.iamslic.org\/grupolatino\/wp-content\/uploads\/2017\/09\/IMG_6716_SM-150x150.jpg\" alt=\"\" \/><\/div><\/div><style type='text\/css' media='screen'> \n.theme-default .nivo-controlNav.nivo-thumbs-enabled img, \n.nivo-thumbs-enabled img { \n\twidth: 70px !important; \n\theight: 50px !important; \n} \n<\/style> \n<script type=\"text\/javascript\">\njQuery(window).load(function(){\n    jQuery(\"#nivoslider-4D2WH-297\").nivoSlider({\n        effect:\"fade\",\n        slices:15,\n        boxCols:8,\n        boxRows:4,\n        animSpeed:500,\n        pauseTime:3000,\n        startSlide:0,\n        directionNav:true,\n        controlNav:true,\n        controlNavThumbs:true,\n        pauseOnHover:true,\n        manualAdvance:false\n    });\n});\n<\/script>\n<\/p>\n<hr \/>\n<h3 class=\"blogtitle\" style=\"text-align: center;\"><a href=\"http:\/\/www.iamslic.org\/conf2016\/\"><strong>XV CONGRESO latinoamericano de ciencias del mar<\/strong><br \/>\n<\/a>Octubre 27-31, 2013 &#8211; punta del este, uruguay<\/h3>\n<p style=\"text-align: center;\"><div class=\"slider-wrapper theme-light controlnav-thumbs\"><div class=\"ribbon\"><\/div><div id=\"nivoslider-kbWju-281\" class=\"nivoSlider\"><img src=\"https:\/\/www.iamslic.org\/grupolatino\/wp-content\/uploads\/2017\/09\/COLACMAR-2013_1.jpg\" title=\"#nivoslider-kbWju-281-caption-0\" data-thumb=\"https:\/\/www.iamslic.org\/grupolatino\/wp-content\/uploads\/2017\/09\/COLACMAR-2013_1-150x150.jpg\" alt=\"\" \/><img src=\"https:\/\/www.iamslic.org\/grupolatino\/wp-content\/uploads\/2017\/09\/COLACMAR-2013_2.jpg\" title=\"#nivoslider-kbWju-281-caption-1\" data-thumb=\"https:\/\/www.iamslic.org\/grupolatino\/wp-content\/uploads\/2017\/09\/COLACMAR-2013_2-150x150.jpg\" alt=\"\" \/><\/div><\/div><style type='text\/css' media='screen'> \n.theme-default .nivo-controlNav.nivo-thumbs-enabled img, \n.nivo-thumbs-enabled img { \n\twidth: 70px !important; \n\theight: 50px !important; \n} \n<\/style> \n<div id=\"nivoslider-kbWju-281-caption-0\" class=\"nivo-html-caption\">COLACMAR 2013 &#8211; Punta del Este, Uruguay<\/div><div id=\"nivoslider-kbWju-281-caption-1\" class=\"nivo-html-caption\">COLACMAR 2013 &#8211; Punta del Este, Uruguay<\/div><script type=\"text\/javascript\">\njQuery(window).load(function(){\n    jQuery(\"#nivoslider-kbWju-281\").nivoSlider({\n        effect:\"fade\",\n        slices:15,\n        boxCols:8,\n        boxRows:4,\n        animSpeed:500,\n        pauseTime:3000,\n        startSlide:0,\n        directionNav:true,\n        controlNav:true,\n        controlNavThumbs:true,\n        pauseOnHover:true,\n        manualAdvance:false\n    });\n});\n<\/script>\n<\/p>\n","protected":false},"excerpt":{"rendered":"<p>Curso de repositorios digitales EL CAMINO DEL ACCESO ABIERTO A LA GESTI\u00d3N DE ARCHIVOS DIGITALES NOVIEMBRE 27-30, 2017 &#8211;\u00a0 SANTA MARTA, COLOMBIA SIMPOSIO Simposio de la Comisi\u00f3n T\u00e9cnica Mixta del Frente Mar\u00edtimo noviembre 21-23, 2017 &#8211; tigre, bs, as., argentina 42nd IAMSLIC Annual Conference Octubre 16-20, 2016 &#8211; M\u00c9rida, M\u00e9xico XV CONGRESO latinoamericano de ciencias [&hellip;]<\/p>\n","protected":false},"author":2,"featured_media":0,"parent":0,"menu_order":0,"comment_status":"closed","ping_status":"closed","template":"","meta":[],"_links":{"self":[{"href":"https:\/\/www.iamslic.org\/grupolatino\/wp-json\/wp\/v2\/pages\/79"}],"collection":[{"href":"https:\/\/www.iamslic.org\/grupolatino\/wp-json\/wp\/v2\/pages"}],"about":[{"href":"https:\/\/www.iamslic.org\/grupolatino\/wp-json\/wp\/v2\/types\/page"}],"author":[{"embeddable":true,"href":"https:\/\/www.iamslic.org\/grupolatino\/wp-json\/wp\/v2\/users\/2"}],"replies":[{"embeddable":true,"href":"https:\/\/www.iamslic.org\/grupolatino\/wp-json\/wp\/v2\/comments?post=79"}],"version-history":[{"count":10,"href":"https:\/\/www.iamslic.org\/grupolatino\/wp-json\/wp\/v2\/pages\/79\/revisions"}],"predecessor-version":[{"id":291,"href":"https:\/\/www.iamslic.org\/grupolatino\/wp-json\/wp\/v2\/pages\/79\/revisions\/291"}],"wp:attachment":[{"href":"https:\/\/www.iamslic.org\/grupolatino\/wp-json\/wp\/v2\/media?parent=79"}],"curies":[{"name":"wp","href":"https:\/\/api.w.org\/{rel}","templated":true}]}}