{"id":53,"date":"2017-09-06T19:28:35","date_gmt":"2017-09-06T19:28:35","guid":{"rendered":"http:\/\/www.iamslic.org\/grupolatino\/?page_id=53"},"modified":"2018-08-31T20:39:41","modified_gmt":"2018-08-31T20:39:41","slug":"eventos","status":"publish","type":"page","link":"https:\/\/www.iamslic.org\/grupolatino\/eventos\/","title":{"rendered":"Eventos"},"content":{"rendered":"<h3>46 CONFERENCIA ANUAL IAMSLIC y Reuni\u00f3n anual de sail (2020)<\/h3>\n<p>Wellington, Nueva Zelanda<\/p>\n<hr \/>\n<h3>45 CONFERENCIA ANUAL IAMSLIC y Reuni\u00f3n anual de sail (2019)<\/h3>\n<p>Port Aransas, Texas, USA<\/p>\n<hr \/>\n<p>&nbsp;<\/p>\n<h3>44 CONFERENCIA ANUAL IAMSLIC y 6 Reuni\u00f3n regional de AFRIAMSLIC<br \/>\n<strong>TRANSFORMING THE GLOBAL INFORMATION LANDSCAPE<\/strong><\/h3>\n<blockquote class=\"wp-embedded-content\" data-secret=\"XZ9ScNHJIX\"><p><a href=\"http:\/\/www.iamslic.org\/conf2018\/\">Home<\/a><\/p><\/blockquote>\n<p><iframe class=\"wp-embedded-content\" sandbox=\"allow-scripts\" security=\"restricted\" style=\"position: absolute; clip: rect(1px, 1px, 1px, 1px);\" src=\"http:\/\/www.iamslic.org\/conf2018\/embed\/#?secret=XZ9ScNHJIX\" data-secret=\"XZ9ScNHJIX\" width=\"600\" height=\"338\" title=\"&#8220;Home&#8221; &#8212; 44th Annual IAMSLIC Conference &amp; 6th AFRIAMSLIC Regional Meeting\" frameborder=\"0\" marginwidth=\"0\" marginheight=\"0\" scrolling=\"no\"><\/iframe><\/p>\n<p>21 al 25 de Octubre, 2018<br \/>\nEntebbe, Uganda<\/p>\n<p>El Comit\u00e9 de Planeaci\u00f3n de la 44 Conferencia Anual del &#8221; International Association of Aquatic and Marine Science Libraries and Information Centers (IAMSLIC)&#8221; te invita a Entebbe, Uganda del 21 al 25 de octubre, 2018. Tambi\u00e9n se llevar\u00e1 a cabo la 6ta. Reuni\u00f3n Regional del Grupo AFRIAMSLIC. Asiste y convive con tus colegas en una emocionante aventura de 5 d\u00edas de reuniones para compartir y aprender, talleres, presentaciones, entrenamiento y tiempo para conectarte con los dem\u00e1s.<\/p>\n<p>La conferencia ser\u00e1 hospiciada por la &#8220;National Fisheries Resources Research Institute (NaFIRRI)&#8221;, uno de los institutos de investigaci\u00f3n de la\u00a0 &#8220;National Agricultural Research Organisation (NARO)&#8221;.<\/p>\n<hr \/>\n<h3><strong>18 Simposio de la Comisi\u00f3n T\u00e9cnica Mixta del Frente Mar\u00edtimo<\/strong><\/h3>\n<p><a href=\"http:\/\/ctmfm.org\/simposio2017\" target=\"_blank\" rel=\"noopener\">http:\/\/ctmfm.org\/simposio2017\/<\/a><\/p>\n<p>21 al 23 de noviembre, 2017<br \/>\nTigre, Argentina<\/p>\n<p>Inscripciones:<br \/>\n<a href=\"mailto:secretariatecnica@ctmfm.org\">secretariatecnica@ctmfm.org<br \/>\n<\/a><a href=\"mailto:mperez@ctmfm.org\">mperez@ctmfm.org<\/a><\/p>\n<h5><span style=\"color: #3366ff;\"><strong>FELICITAMOS A NUESTRA COLEGA AIDA SOGARAY POR LA ACEPTACI\u00d3N DE SU TRABAJO TITULADO <b><span style=\"font-family: Calibri; font-size: medium;\"><span lang=\"ES-UY\">\u201cStand de las bibliotecas del INIDEP y de la DINARA\u201d\u00a0<\/span><\/span><\/b><\/strong><strong>COMO ponencia oral.<\/strong><\/span><\/h5>\n<hr \/>\n<h3>17 CONGRESO LATINOAMERICANO DE CIENCIAS DEL MAR<br \/>\n<strong>COLACMAR 2017<\/strong><\/h3>\n<p><a href=\"http:\/\/www.colacmar2017.com\" target=\"_blank\" rel=\"noopener\">http:\/\/www.colacmar2017.com<\/a><\/p>\n<p>13 al 17 de Noviembre, 2017<br \/>\nBalneario Cambori\u00fa &#8211; Santa Catarina, Brasil<\/p>\n<p>El\u00a0Congreso Latinoamericano de Ciencias del Mar \u2013 COLACMAR\u00a0es el evento cient\u00edfico-t\u00e9cnico de Ciencias del Mar m\u00e1s importante del continente Americano. Su programaci\u00f3n cuenta con la presentaci\u00f3n de las m\u00e1s nuevas iniciativas cient\u00edficas y la innovaci\u00f3n tecnol\u00f3gica.<\/p>\n<hr \/>\n<h3>43 CONFERENCIA ANUAL IAMSLIC<br \/>\n<strong>Blurring the Edges: The Osmosis of Ideas<\/strong><\/h3>\n<blockquote class=\"wp-embedded-content\" data-secret=\"kdD46AptaV\"><p><a href=\"http:\/\/www.iamslic.org\/conf2017\/\">IAMSLIC 2017 Annual Conference<\/a><\/p><\/blockquote>\n<p><iframe class=\"wp-embedded-content\" sandbox=\"allow-scripts\" security=\"restricted\" style=\"position: absolute; clip: rect(1px, 1px, 1px, 1px);\" src=\"http:\/\/www.iamslic.org\/conf2017\/embed\/#?secret=kdD46AptaV\" data-secret=\"kdD46AptaV\" width=\"600\" height=\"338\" title=\"&#8220;IAMSLIC 2017 Annual Conference&#8221; &#8212; 43rd Annual IAMSLIC Conference\" frameborder=\"0\" marginwidth=\"0\" marginheight=\"0\" scrolling=\"no\"><\/iframe><\/p>\n<p>22 al 26 de Octubre, 2017<br \/>\nHonolulu, Hawaii<\/p>\n<p>El Comit\u00e9 de Planeaci\u00f3n de la 43 Conferencia Anual del &#8221; International Association of Aquatic and Marine Science Libraries and Information Centers (IAMSLIC)&#8221; te invita a Honolulu, Hawaii del 22 al 26 de octubre, 2017. La conferencia ser\u00e1 hospiciada por &#8220;University of Hawaii&#8221; y el &#8220;NOAA Pacific Islands Fisheries Science Center&#8221;.<\/p>\n<hr \/>\n<p>&nbsp;<\/p>\n","protected":false},"excerpt":{"rendered":"<p>46 CONFERENCIA ANUAL IAMSLIC y Reuni\u00f3n anual de sail (2020) Wellington, Nueva Zelanda 45 CONFERENCIA ANUAL IAMSLIC y Reuni\u00f3n anual de sail (2019) Port Aransas, Texas, USA &nbsp; 44 CONFERENCIA ANUAL IAMSLIC y 6 Reuni\u00f3n regional de AFRIAMSLIC TRANSFORMING THE GLOBAL INFORMATION LANDSCAPE Home 21 al 25 de Octubre, 2018 Entebbe, Uganda El Comit\u00e9 de [&hellip;]<\/p>\n","protected":false},"author":2,"featured_media":0,"parent":0,"menu_order":0,"comment_status":"closed","ping_status":"closed","template":"","meta":[],"_links":{"self":[{"href":"https:\/\/www.iamslic.org\/grupolatino\/wp-json\/wp\/v2\/pages\/53"}],"collection":[{"href":"https:\/\/www.iamslic.org\/grupolatino\/wp-json\/wp\/v2\/pages"}],"about":[{"href":"https:\/\/www.iamslic.org\/grupolatino\/wp-json\/wp\/v2\/types\/page"}],"author":[{"embeddable":true,"href":"https:\/\/www.iamslic.org\/grupolatino\/wp-json\/wp\/v2\/users\/2"}],"replies":[{"embeddable":true,"href":"https:\/\/www.iamslic.org\/grupolatino\/wp-json\/wp\/v2\/comments?post=53"}],"version-history":[{"count":10,"href":"https:\/\/www.iamslic.org\/grupolatino\/wp-json\/wp\/v2\/pages\/53\/revisions"}],"predecessor-version":[{"id":445,"href":"https:\/\/www.iamslic.org\/grupolatino\/wp-json\/wp\/v2\/pages\/53\/revisions\/445"}],"wp:attachment":[{"href":"https:\/\/www.iamslic.org\/grupolatino\/wp-json\/wp\/v2\/media?parent=53"}],"curies":[{"name":"wp","href":"https:\/\/api.w.org\/{rel}","templated":true}]}}