{"id":51,"date":"2017-09-06T19:28:11","date_gmt":"2017-09-06T19:28:11","guid":{"rendered":"http:\/\/www.iamslic.org\/grupolatino\/?page_id=51"},"modified":"2017-09-14T16:26:14","modified_gmt":"2017-09-14T16:26:14","slug":"acerca-de-nosotros","status":"publish","type":"page","link":"https:\/\/www.iamslic.org\/grupolatino\/acerca-de-nosotros\/","title":{"rendered":"Acerca de Nosotros"},"content":{"rendered":"<h4><strong>ANTEcedentes<\/strong><\/h4>\n<div class=\"ha\">\n<p tabindex=\"-1\">La Asociaci\u00f3n Internacional de Bibliotecas y Centros de Informaci\u00f3n en Ciencias Marinas y \u00a0Acu\u00e1ticas (IAMSLIC, por sus siglas en ingl\u00e9s) posee una amplia historia de cooperaci\u00f3n con organizaciones internacionales de todo tipo: institutos de investigaci\u00f3n, agencias gubernamentales, escuelas, universidades, organizaciones privadas y sin fines de lucro; \u00a0es un foro para el intercambio y la exploraci\u00f3n de ideas y cuestiones de mutuo inter\u00e9s,\u00a0 que brinda grandes oportunidades a sus miembros a trav\u00e9s de su participaci\u00f3n en los grupos regionales.<\/p>\n<p tabindex=\"-1\">El Grupo Regional Latinoamericano \u00a0(GL) es uno de los seis grupos regionales de IAMSLIC y te brinda la oportunidad de relacionarte con colegas, celebrar reuniones regionales y llevar a cabo proyectos de inter\u00e9s regional y global.<\/p>\n<p class=\"hP\" tabindex=\"-1\">El GL se form\u00f3 con la voluntad de particulares e instituciones de latinoam\u00e9rica. Los miembros representan instituciones gubernamentales y acad\u00e9micas (p\u00fablicas y privadas) relacionadas con el ambiente acu\u00e1tico y marino, as\u00ed como otras disciplinas relacionadas. El Consejo Ejecutivo de IAMSLIC \u00a0aprob\u00f3 su creaci\u00f3n en agosto de 2003.<\/p>\n<p tabindex=\"-1\">\n<\/div>\n<div class=\"ha\">\n<hr \/>\n<h4><strong>OBJETIVOS<\/strong><\/h4>\n<p>El grupo regional tiene como objetivo principal fortalecer la cooperaci\u00f3n entre bibliotecas de Am\u00e9rica Latina. Para cumplir esto, buscaremos la experiencia y las estrategias de IAMSLIC a la par de otros mecanismos para desarrollar nuestros objetivos.<\/p>\n<hr \/>\n<h4><strong>MIEMBROS<\/strong><\/h4>\n<p>Se inici\u00f3 el grupo con 22 miembros de 10 pa\u00edses de latinoam\u00e9rica. Actualmente tenemos 33 miembros de 9 pa\u00edses:<\/p>\n<p>1. Argentina<br \/>\n2. Brasil<br \/>\n3. Chile<br \/>\n4. Colombia<br \/>\n5. Cuba<br \/>\n6. Ecuador<br \/>\n7. M\u00e9xico<br \/>\n8. Per\u00fa<br \/>\n9. Uruguay<\/p>\n<hr \/>\n<\/div>\n<h4><b>reuniones\u00a0<\/b><\/h4>\n<div id=\"attachment_193\" style=\"width: 630px\" class=\"wp-caption aligncenter\"><a href=\"http:\/\/www.iamslic.org\/grupolatino\/wp-content\/uploads\/2017\/09\/Primera-Reuni\u00f3n-Grupo-Latino-La-Habana-Cuba-2009.jpg\"><img aria-describedby=\"caption-attachment-193\" loading=\"lazy\" class=\"size-large wp-image-193\" src=\"http:\/\/www.iamslic.org\/grupolatino\/wp-content\/uploads\/2017\/09\/Primera-Reuni\u00f3n-Grupo-Latino-La-Habana-Cuba-2009-1024x768.jpg\" alt=\"\" width=\"620\" height=\"465\" srcset=\"https:\/\/www.iamslic.org\/grupolatino\/wp-content\/uploads\/2017\/09\/Primera-Reuni\u00f3n-Grupo-Latino-La-Habana-Cuba-2009-1024x768.jpg 1024w, https:\/\/www.iamslic.org\/grupolatino\/wp-content\/uploads\/2017\/09\/Primera-Reuni\u00f3n-Grupo-Latino-La-Habana-Cuba-2009-300x225.jpg 300w, https:\/\/www.iamslic.org\/grupolatino\/wp-content\/uploads\/2017\/09\/Primera-Reuni\u00f3n-Grupo-Latino-La-Habana-Cuba-2009-768x576.jpg 768w, https:\/\/www.iamslic.org\/grupolatino\/wp-content\/uploads\/2017\/09\/Primera-Reuni\u00f3n-Grupo-Latino-La-Habana-Cuba-2009-507x380.jpg 507w, https:\/\/www.iamslic.org\/grupolatino\/wp-content\/uploads\/2017\/09\/Primera-Reuni\u00f3n-Grupo-Latino-La-Habana-Cuba-2009.jpg 1280w\" sizes=\"(max-width: 620px) 100vw, 620px\" \/><\/a><p id=\"caption-attachment-193\" class=\"wp-caption-text\">Primera Reuni\u00f3n Grupo Latino &#8211; La Habana, Cuba 2009<\/p><\/div>\n<p>&nbsp;<\/p>\n<div id=\"attachment_194\" style=\"width: 630px\" class=\"wp-caption aligncenter\"><a href=\"http:\/\/www.iamslic.org\/grupolatino\/wp-content\/uploads\/2017\/09\/Segunda-Reuni\u00f3n-Grupo-Latino-Mar-de-Plata-Argentina-2010-sM.jpg\"><img aria-describedby=\"caption-attachment-194\" loading=\"lazy\" class=\"size-large wp-image-194\" src=\"http:\/\/www.iamslic.org\/grupolatino\/wp-content\/uploads\/2017\/09\/Segunda-Reuni\u00f3n-Grupo-Latino-Mar-de-Plata-Argentina-2010-sM-1024x687.jpg\" alt=\"\" width=\"620\" height=\"416\" srcset=\"https:\/\/www.iamslic.org\/grupolatino\/wp-content\/uploads\/2017\/09\/Segunda-Reuni\u00f3n-Grupo-Latino-Mar-de-Plata-Argentina-2010-sM-1024x687.jpg 1024w, https:\/\/www.iamslic.org\/grupolatino\/wp-content\/uploads\/2017\/09\/Segunda-Reuni\u00f3n-Grupo-Latino-Mar-de-Plata-Argentina-2010-sM-300x201.jpg 300w, https:\/\/www.iamslic.org\/grupolatino\/wp-content\/uploads\/2017\/09\/Segunda-Reuni\u00f3n-Grupo-Latino-Mar-de-Plata-Argentina-2010-sM-768x516.jpg 768w, https:\/\/www.iamslic.org\/grupolatino\/wp-content\/uploads\/2017\/09\/Segunda-Reuni\u00f3n-Grupo-Latino-Mar-de-Plata-Argentina-2010-sM-360x242.jpg 360w, https:\/\/www.iamslic.org\/grupolatino\/wp-content\/uploads\/2017\/09\/Segunda-Reuni\u00f3n-Grupo-Latino-Mar-de-Plata-Argentina-2010-sM-566x380.jpg 566w, https:\/\/www.iamslic.org\/grupolatino\/wp-content\/uploads\/2017\/09\/Segunda-Reuni\u00f3n-Grupo-Latino-Mar-de-Plata-Argentina-2010-sM.jpg 1600w\" sizes=\"(max-width: 620px) 100vw, 620px\" \/><\/a><p id=\"caption-attachment-194\" class=\"wp-caption-text\">Segunda Reuni\u00f3n Grupo Latino Mar de Plata &#8211; Argentina 2010<\/p><\/div>\n","protected":false},"excerpt":{"rendered":"<p>ANTEcedentes La Asociaci\u00f3n Internacional de Bibliotecas y Centros de Informaci\u00f3n en Ciencias Marinas y \u00a0Acu\u00e1ticas (IAMSLIC, por sus siglas en ingl\u00e9s) posee una amplia historia de cooperaci\u00f3n con organizaciones internacionales de todo tipo: institutos de investigaci\u00f3n, agencias gubernamentales, escuelas, universidades, organizaciones privadas y sin fines de lucro; \u00a0es un foro para el intercambio y la [&hellip;]<\/p>\n","protected":false},"author":2,"featured_media":0,"parent":0,"menu_order":0,"comment_status":"closed","ping_status":"closed","template":"","meta":[],"_links":{"self":[{"href":"https:\/\/www.iamslic.org\/grupolatino\/wp-json\/wp\/v2\/pages\/51"}],"collection":[{"href":"https:\/\/www.iamslic.org\/grupolatino\/wp-json\/wp\/v2\/pages"}],"about":[{"href":"https:\/\/www.iamslic.org\/grupolatino\/wp-json\/wp\/v2\/types\/page"}],"author":[{"embeddable":true,"href":"https:\/\/www.iamslic.org\/grupolatino\/wp-json\/wp\/v2\/users\/2"}],"replies":[{"embeddable":true,"href":"https:\/\/www.iamslic.org\/grupolatino\/wp-json\/wp\/v2\/comments?post=51"}],"version-history":[{"count":10,"href":"https:\/\/www.iamslic.org\/grupolatino\/wp-json\/wp\/v2\/pages\/51\/revisions"}],"predecessor-version":[{"id":222,"href":"https:\/\/www.iamslic.org\/grupolatino\/wp-json\/wp\/v2\/pages\/51\/revisions\/222"}],"wp:attachment":[{"href":"https:\/\/www.iamslic.org\/grupolatino\/wp-json\/wp\/v2\/media?parent=51"}],"curies":[{"name":"wp","href":"https:\/\/api.w.org\/{rel}","templated":true}]}}