{"id":47,"date":"2017-09-06T19:26:06","date_gmt":"2017-09-06T19:26:06","guid":{"rendered":"http:\/\/www.iamslic.org\/grupolatino\/?page_id=47"},"modified":"2017-12-15T22:04:01","modified_gmt":"2017-12-15T22:04:01","slug":"directorio_de_miembros","status":"publish","type":"page","link":"https:\/\/www.iamslic.org\/grupolatino\/directorio_de_miembros\/","title":{"rendered":"Directorio"},"content":{"rendered":"<header class=\"entry-header \"><\/header>\n<div class=\"entry-body\">\n<table>\n<tbody>\n<tr>\n<td width=\"109\"><strong>\u00a0<\/strong><\/td>\n<td width=\"485\"><strong>\u00c1lvarez Mendoza, Alicia (ECUADOR)<\/strong><br \/>\nBiblioteca INOCAR<br \/>\nInstituto Oceanogr\u00e1fico de la Armada del Ecuador<br \/>\nbiblioteca@inocar.mil.ec<\/td>\n<\/tr>\n<tr>\n<td width=\"109\"><strong>\u00a0<a href=\"http:\/\/www.nupelia.uem.br\/setores\/biblioteca\" target=\"_blank\" rel=\"noopener\"><img loading=\"lazy\" class=\"aligncenter wp-image-137 size-full\" src=\"http:\/\/www.iamslic.org\/grupolatino\/wp-content\/uploads\/2017\/09\/Nupelia-Logo.png\" alt=\"\" width=\"108\" height=\"84\" \/><\/a><\/strong><\/td>\n<td width=\"485\"><strong>Arita, Maria Salete Ribelatto (BRASIL)<\/strong><br \/>\nUEM\/Nup\u00e9lia<br \/>\nBiblioteca Setorial do Nup\u00e9lia<br \/>\nBloco G-90, sala 107<br \/>\nAv. Colombo, 5790<br \/>\n87020-900 Maring\u00e1, PR<br \/>\n<a href=\"http:\/\/www.nupelia.uem.br\/setores\/biblioteca\" target=\"_blank\" rel=\"noopener\">http:\/\/www.nupelia.uem.br\/setores\/biblioteca<\/a><br \/>\n<a href=\"http:\/\/www.bce.uem.br\/nupelia\" target=\"_blank\" rel=\"noopener\">http:\/\/www.bce.uem.br\/nupelia<\/a><br \/>\n<a href=\"mailto:salete@nupelia.uem.br\">salete@nupelia.uem.br<\/a><\/td>\n<\/tr>\n<tr>\n<td width=\"109\"><strong>\u00a0<\/strong><\/td>\n<td width=\"485\"><strong>Barria, Ghislaine (CHILE)<\/strong><br \/>\nInstituto De Fomento Pesquero<br \/>\nValparaiso, Chile<br \/>\nghislaine.barria@ifop.cl<\/td>\n<\/tr>\n<tr>\n<td width=\"109\"><strong>\u00a0<a href=\"http:\/\/www.iamslic.org\/grupolatino\/wp-content\/uploads\/2017\/09\/CICIMAR.png\"><img loading=\"lazy\" class=\"aligncenter size-full wp-image-187\" src=\"http:\/\/www.iamslic.org\/grupolatino\/wp-content\/uploads\/2017\/09\/CICIMAR.png\" alt=\"\" width=\"120\" height=\"130\" \/><\/a><\/strong><\/td>\n<td width=\"485\"><strong>Barriga Ramirez, Teresa (M\u00c9XICO)<\/strong><br \/>\nCICIMAR-IPN, Biblioteca Reuben Lasker<br \/>\nAv. IPN s\/n<br \/>\nCol. Playa Palo de Sta. Rita 23060<br \/>\nLa Paz, B.C.S.<br \/>\n+52 (612) 123 0350 Ext. 81583<br \/>\n<a href=\"http:\/\/www.biblioteca.cicimar.ipn.mx\" target=\"_blank\" rel=\"noopener\">http:\/\/www.biblioteca.cicimar.ipn.mx<\/a><br \/>\n<span style=\"font-family: inherit; font-size: inherit;\">tbarriga@ipn.mx<\/span><\/td>\n<\/tr>\n<tr>\n<td width=\"109\"><strong>\u00a0<a href=\"http:\/\/www.mda.cinvestav.mx\" target=\"_blank\" rel=\"noopener\"><img loading=\"lazy\" class=\"aligncenter wp-image-135 size-full\" src=\"http:\/\/www.iamslic.org\/grupolatino\/wp-content\/uploads\/2017\/09\/Cinvestav-Logo-SM.gif\" alt=\"\" width=\"100\" height=\"98\" \/><\/a><\/strong><\/td>\n<td width=\"485\"><strong>Beltran, Irene (M\u00c9XICO)<\/strong><br \/>\nCentro de Investigaci\u00f3n y de Estudios Avanzados del IPN,<br \/>\nUnidad Merida, Biblioteca<br \/>\nhttp:\/\/www.mda.cinvestav.mx<br \/>\nirene@mda.cinvestav.mx<\/td>\n<\/tr>\n<tr>\n<td width=\"109\"><strong>\u00a0<\/strong><\/td>\n<td width=\"485\"><strong>Cabanillas Palomino, Katherine (PER\u00da)<\/strong><br \/>\nDirecci\u00f3n de Hidrograf\u00eda y Navegaci\u00f3n<br \/>\nkatycp87@hotmail.com<\/td>\n<\/tr>\n<tr>\n<td width=\"109\"><strong>\u00a0<\/strong><\/td>\n<td width=\"485\"><strong>Cosulich, Guillermina (ARGENTINA)<\/strong><br \/>\nInstituto Nacional de Investigaci\u00f3n y Desarrollo Pesquero (INIDEP)<br \/>\nBibliotecabiblio@inidep.edu.ar<\/td>\n<\/tr>\n<tr>\n<td width=\"109\"><strong>\u00a0<a href=\"http:\/\/www.mda.cinvestav.mx\" target=\"_blank\" rel=\"noopener\"><img loading=\"lazy\" class=\"aligncenter wp-image-135 size-full\" src=\"http:\/\/www.iamslic.org\/grupolatino\/wp-content\/uploads\/2017\/08\/IIP-Urug.jpg\" alt=\"\" width=\"94\" height=\"93\" \/><\/a><\/strong><\/td>\n<td width=\"485\"><strong>Cristiani, Andrea (URUGUAY)<br \/>\n<\/strong>Centro\u00a0de Documentaci\u00f3n y Biblioteca del Instituto de Investigaciones Pesqueras (IIP).<br \/>\nFacultad de Veterinaria.<br \/>\nUniversidad de la Rep\u00fablica<br \/>\nTomas Basa\u00f1ez 1160 C.P 11300<br \/>\nMontevideo, Uruguay<br \/>\nacris@fvet.edu.uy, \u00a0<a href=\"mailto:andrea.cristiani@gmail.com\">andrea.cristiani@gmail.com<\/a><\/td>\n<\/tr>\n<tr>\n<td width=\"109\"><strong>\u00a0<a href=\"http:\/\/www.mda.cinvestav.mx\" target=\"_blank\" rel=\"noopener\"><img loading=\"lazy\" class=\"aligncenter wp-image-135 size-full\" src=\"http:\/\/www.iamslic.org\/grupolatino\/wp-content\/uploads\/2017\/09\/Cinvestav-Logo-SM.gif\" alt=\"\" width=\"100\" height=\"98\" \/><\/a><\/strong><\/td>\n<td width=\"485\"><strong>Espinal Meneses, Lilian (M\u00c9XICO)<br \/>\n<\/strong>Centro de Investigaci\u00f3n y de Estudios Avanzados (CINVESTAV) del IPN,<br \/>\nUnidad Merida, Biblioteca<br \/>\n<a href=\"http:\/\/www.mda.cinvestav.mx\" target=\"_blank\" rel=\"noopener\">http:\/\/www.mda.cinvestav.mx<\/a><br \/>\nedithespinalmeneses@gmail.com<\/td>\n<\/tr>\n<tr>\n<td width=\"109\"><a href=\"http:\/\/www.uabc.mx\" target=\"_blank\" rel=\"noopener\"><br \/>\n<img loading=\"lazy\" class=\"aligncenter wp-image-34\" src=\"http:\/\/www.iamslic.org\/grupolatino\/wp-content\/uploads\/2017\/08\/UABC_oficial-710x1024.jpg\" alt=\"\" width=\"93\" height=\"135\" srcset=\"https:\/\/www.iamslic.org\/grupolatino\/wp-content\/uploads\/2017\/08\/UABC_oficial-710x1024.jpg 710w, https:\/\/www.iamslic.org\/grupolatino\/wp-content\/uploads\/2017\/08\/UABC_oficial-208x300.jpg 208w, https:\/\/www.iamslic.org\/grupolatino\/wp-content\/uploads\/2017\/08\/UABC_oficial-768x1107.jpg 768w, https:\/\/www.iamslic.org\/grupolatino\/wp-content\/uploads\/2017\/08\/UABC_oficial.jpg 800w\" sizes=\"(max-width: 93px) 100vw, 93px\" \/><\/a><\/td>\n<td width=\"485\"><strong>Esquer, Delia (M\u00c9XICO)<\/strong><br \/>\nUniversidad Aut\u00f3noma de Baja California<br \/>\nCarretera Transpeninsular Ensenada \u2013 Tijuana No. 3917<br \/>\nColonia Playitas C.P. 22860<br \/>\nEnsenada, Baja California, M\u00e9xico.<br \/>\n+52 (646) 175 0707, ext. 63659<br \/>\n<a href=\"http:\/\/www.uabc.mx\" target=\"_blank\" rel=\"noopener\">http:\/\/www.uabc.mx<\/a><a href=\"mailto:desquer@uabc.edu.mx\">desquer@uabc.edu.mx<\/a><\/td>\n<\/tr>\n<tr>\n<td width=\"109\"><a href=\"http:\/\/www.cim.uh.cu\" target=\"_blank\" rel=\"noopener\"><br \/>\n<img loading=\"lazy\" class=\"aligncenter wp-image-73\" src=\"http:\/\/www.iamslic.org\/grupolatino\/wp-content\/uploads\/2017\/09\/CUM-UH-Habana-SOLO-Logo.jpg\" alt=\"\" width=\"113\" height=\"101\" \/><\/a><\/td>\n<td width=\"485\"><strong>Lezcano, Yuriem (CUBA)<br \/>\n<a href=\"mailto:yuriem@cim.uh.cu\">yuriem@cim.uh.cu<\/a><br \/>\n<\/strong>Centro de Investigaciones Marinas, Universidad de la Habana<br \/>\nCalle 16 no.114 e\/ 1ra y 3ra, Miramar.<br \/>\nPlaya, Ciudad de La Habana, Cuba C.P 10300<br \/>\nTel\u00e9fono: +53 (537)203-0617, 202-5223<br \/>\nFax: +53 (537)202-5223<br \/>\n<a href=\"http:\/\/www.cim.uh.cu\" target=\"_blank\" rel=\"noopener\">http:\/\/www.cim.uh.cu<\/a><br \/>\n<a href=\"mailto:cim@cim.uh.cu\">cim@cim.uh.cu<\/a><\/td>\n<\/tr>\n<tr>\n<td width=\"109\"><strong>\u00a0<\/strong><\/td>\n<td width=\"485\"><strong>Loor, Erika<\/strong><br \/>\nCharles Darwin Foundation<br \/>\nerika.loor2606@hotmail.com<\/td>\n<\/tr>\n<tr>\n<td width=\"109\"><strong>\u00a0<\/strong><\/td>\n<td width=\"485\"><strong>Marin L\u00f3pez, Dolores (ECUADOR)<\/strong><br \/>\nInstituto Nacional de Pesca, Ecuador<br \/>\nDmarin@institutopesca.gob.ec<\/td>\n<\/tr>\n<tr>\n<td width=\"109\"><strong>\u00a0<\/strong><\/td>\n<td width=\"485\"><strong>Medina , Juana (M\u00c9XICO)<\/strong><br \/>\nUniversidad Marista de M\u00e9rida, A.C.<br \/>\njmedina@marista.edu.mx<\/td>\n<\/tr>\n<tr>\n<td width=\"109\"><strong>\u00a0<\/strong><\/td>\n<td width=\"485\"><strong>Medina, Romina Soledad<\/strong><br \/>\nBiblioteca del Instituto de Ictiolog\u00eda del Nordeste (INICNE) Facultad de Ciencias Veterinarias<br \/>\n<a href=\"mailto:romitamedina@gmail.com\">romitamedina@gmail.com<\/a><\/td>\n<\/tr>\n<tr>\n<td width=\"109\"><strong>\u00a0<a href=\"http:\/\/www.iamslic.org\/grupolatino\/wp-content\/uploads\/2017\/09\/ILPLA-LOGO-TRANSPARENTE-SM.png\"><img loading=\"lazy\" class=\"aligncenter size-full wp-image-190\" src=\"http:\/\/www.iamslic.org\/grupolatino\/wp-content\/uploads\/2017\/09\/ILPLA-LOGO-TRANSPARENTE-SM.png\" alt=\"\" width=\"100\" height=\"125\" \/><\/a><\/strong><\/td>\n<td width=\"485\"><strong>Monti, Carolina (ARGENTINA)<\/strong><br \/>\nInstituto de Limnolog\u00eda &#8220;Dr. Raul A. Ringuelet&#8221;<br \/>\nCONICET &#8211; UNLP<br \/>\nCC\/Mailbox 712<br \/>\nBoulevard 120 1420 61 y 62<br \/>\n1900 &#8211; La Plata<br \/>\nProv. Buenos Aires. Argentina<br \/>\n+54 (221) 422 2775 int 31<br \/>\n+54 (221) 422 2932 int 31<br \/>\n<a href=\"http:\/\/www.ilpla.edu.ar\" target=\"_blank\" rel=\"noopener\">http:\/\/www.ilpla.edu.ar<\/a><br \/>\n<a style=\"font-family: inherit; font-size: inherit;\" href=\"mailto:bibliote@ilpla.edu.ar\">bibliote@ilpla.edu.ar<\/a><\/td>\n<\/tr>\n<tr>\n<td width=\"109\"><strong><a href=\"http:\/\/www.invemar.org.co\" target=\"_blank\" rel=\"noopener\"><img loading=\"lazy\" class=\"aligncenter wp-image-355\" src=\"http:\/\/www.iamslic.org\/grupolatino\/wp-content\/uploads\/2017\/09\/Logotipo-Invemar-SM-.jpg\" alt=\"\" width=\"100\" height=\"120\" \/><\/a><\/strong><\/td>\n<td width=\"485\"><strong>Mora Rodr\u00edguez, Mar\u00eda del Pilar (COLOMBIA)<br \/>\n<\/strong>Instituto de Investigaciones Marinas y Costeras Jos\u00e9 Benito Vives de Andreis \u2013 INVEMAR<br \/>\nCalle 25 No. 2-55, Playa Salguero<br \/>\nSanta Marta D.T.C.H., Colombia<br \/>\n+57 (5) 432 8600 \/ Fax: +57 (5) 241 3103<br \/>\n<a href=\"http:\/\/www.invemar.org.co\" target=\"_blank\" rel=\"noopener\">http:\/\/www.invemar.org.co<\/a><br \/>\nmaria.mora@invemar.org.co<\/td>\n<\/tr>\n<tr>\n<td width=\"109\"><strong><a href=\"http:\/\/www.cibnor.gob.mx\" target=\"_blank\" rel=\"noopener\"><img loading=\"lazy\" class=\"aligncenter wp-image-74\" src=\"http:\/\/www.iamslic.org\/grupolatino\/wp-content\/uploads\/2017\/09\/cib_SOLO-logo.jpg\" alt=\"\" width=\"123\" height=\"77\" \/><\/a><\/td>\n<td width=\"485\"><strong>Ojeda Castro, Maria Esther (M\u00c9XICO)<br \/>\n<\/strong>Centro de Informaci\u00f3n \u2013 Biblioteca<br \/>\nDirecci\u00f3n de Posgrado<br \/>\nCentro de Investigaciones Biol\u00f3gicas del Noroeste, S.C. (CIBNOR)<br \/>\nInstituto Polit\u00e9cnico Nacional 195<br \/>\nPlaya Palo de Santa Rita Sur<br \/>\nLa Paz, B.C.S., M\u00e9xico, C.P. 23096<br \/>\nTel\u00e9fono : +52 (612) 123-8484 (Ext.3487)<br \/>\nFax: +52 (612) 12-536-25<br \/>\n<a href=\"http:\/\/www.cibnor.gob.mx\/\">http:\/\/www.cibnor.gob.mx<br \/>\n<\/a><a href=\"mailto:meojeda04@cibnor.mx\">meojeda04@cibnor.mx<\/a><\/td>\n<\/tr>\n<tr>\n<td width=\"109\"><strong>\u00a0<\/strong><\/td>\n<td width=\"485\"><strong>Ortiz, Silverio (ARGENTINA)<\/strong><br \/>\nUniversidad Nacional del Comahue<br \/>\nbibliotecafadel@gmail.com; silverio4004@gmail.com<\/td>\n<\/tr>\n<tr>\n<td width=\"109\"><strong>\u00a0<a href=\"http:\/\/mzt.icmyl.unam.mx\/uam\/\" target=\"_blank\" rel=\"noopener\"><img loading=\"lazy\" class=\"aligncenter wp-image-168 size-full\" src=\"http:\/\/www.iamslic.org\/grupolatino\/wp-content\/uploads\/2017\/09\/ICML-SM.png\" alt=\"\" width=\"100\" height=\"100\" srcset=\"https:\/\/www.iamslic.org\/grupolatino\/wp-content\/uploads\/2017\/09\/ICML-SM.png 100w, https:\/\/www.iamslic.org\/grupolatino\/wp-content\/uploads\/2017\/09\/ICML-SM-90x90.png 90w\" sizes=\"(max-width: 100px) 100vw, 100px\" \/><\/a><\/strong><\/td>\n<td width=\"485\"><strong>Oviedo Ju\u00e1rez, Daniel (M\u00c9XICO)<\/strong><br \/>\nInstituto de Ciencias del Mar y Limnolog\u00eda, Unidad Acad\u00e9mica Mazatl\u00e1n<br \/>\nBiblioteca Regional en Ciencias del Mar \u201cDra. Ma. Elena Caso Mu\u00f1oz\u201d<br \/>\nUniversidad Nacional Aut\u00f3noma de M\u00e9xico<br \/>\nAv. Joel Montes Camarena S\/N Apartado Postal 811<br \/>\nMazatl\u00e1n, Sinaloa M\u00e9xico \u00a0C.P. 82040<br \/>\n+ 52 (669) 985 2845 al 48, Ext. 244<br \/>\nhttp:\/\/mzt.icmyl.unam.mx\/uam<br \/>\n<a href=\"mailto:danieloviedo@ola.icmyl.unam.mx\">danieloviedo@ola.icmyl.unam.mx<br \/>\n<\/a><a href=\"mailto:biblio@ola.icmyl.unam.mx\">biblio@ola.icmyl.unam.mx<\/a><\/td>\n<\/tr>\n<tr>\n<td width=\"109\"><strong>\u00a0<\/strong><\/td>\n<td width=\"485\"><strong>Portal Roldan de Ruiz, Margarita (PERU)<\/strong><br \/>\nInstituto del Mar del Per\u00fa (IMARPE), Biblioteca<br \/>\n<a href=\"mailto:imarpe-bib@imarpe.gob.pe\">imarpe-bib@imarpe.gob.pe<\/a><\/td>\n<\/tr>\n<tr>\n<td width=\"109\"><strong>\u00a0<\/strong><\/td>\n<td width=\"485\"><strong>Pureza, Maria (BRASIL)<\/strong><br \/>\nUniversidade de Sao Paulo, Instituto Oceanografico (IO\/USP)<br \/>\n<a href=\"mailto:bibio@edu.usp.br\">bibio@edu.usp.br<\/a><\/td>\n<\/tr>\n<tr>\n<td width=\"109\"><strong>\u00a0<\/strong><\/td>\n<td width=\"485\"><strong>Reyes, Antonio (M\u00c9XICO)<\/strong><br \/>\nColegio de Postgraduados, Biblioteca Central<br \/>\n<a href=\"mailto:bibliocp@colpos.mx\">bibliocp@colpos.mx<\/a><\/td>\n<\/tr>\n<tr>\n<td width=\"109\"><strong>\u00a0<\/strong><\/td>\n<td width=\"485\"><strong>Santana, Jeanette (CHILE)<\/strong><br \/>\nUniversidad de Valparaiso, Facultad de Ciencias del Mar y de Recursos Naturales<br \/>\nJeanette.Santana@uv.cl, santana.jeanette@gmail.com<\/td>\n<\/tr>\n<tr>\n<td width=\"109\"><strong>\u00a0<a href=\"http:\/\/www.umag.cl\/biblioteca\" target=\"_blank\" rel=\"noopener\"><img loading=\"lazy\" class=\"aligncenter wp-image-132\" src=\"http:\/\/www.iamslic.org\/grupolatino\/wp-content\/uploads\/2017\/09\/universidadmagallanes.png\" alt=\"\" width=\"110\" height=\"111\" srcset=\"https:\/\/www.iamslic.org\/grupolatino\/wp-content\/uploads\/2017\/09\/universidadmagallanes.png 176w, https:\/\/www.iamslic.org\/grupolatino\/wp-content\/uploads\/2017\/09\/universidadmagallanes-150x150.png 150w, https:\/\/www.iamslic.org\/grupolatino\/wp-content\/uploads\/2017\/09\/universidadmagallanes-90x90.png 90w\" sizes=\"(max-width: 110px) 100vw, 110px\" \/><\/a><\/strong><\/td>\n<td width=\"485\"><strong>Silva, Ximena (CHILE)<\/strong><br \/>\nUniversidad de Magallanes<br \/>\nBiblioteca Central<br \/>\nAvenida Presidente Manuel Bulnes 01855 CP 6210427<br \/>\nPunta Arenas, Regi\u00f3n de Magallanes y Ant\u00e1rtica Chilena<br \/>\n+56 (61) 2207139<br \/>\nhttp:\/\/www.umag.cl<br \/>\nhttp:\/\/www.umag.cl\/biblioteca<br \/>\nximena.silva@umag.cl<\/td>\n<\/tr>\n<tr>\n<td width=\"109\"><strong>\u00a0<\/strong><\/td>\n<td width=\"485\"><strong>Silva Carreno, Mauricio (CHILE)<\/strong><br \/>\nPontifica Universidad Cat\u00f3lica de Valpara\u00edso, Biblioteca Mayor Facultad Recursos Naturales<br \/>\nmauricio.silva@pucv.cl<\/td>\n<\/tr>\n<tr>\n<td width=\"109\"><strong>\u00a0<\/strong><\/td>\n<td width=\"485\"><strong>Simpson, Pauline<\/strong><br \/>\nHonorary: Retired; National Oceanography Centre, Southampton, UK <a href=\"mailto:psimpson@reefresearch.org\">psimpson@reefresearch.org<\/a><\/td>\n<\/tr>\n<tr>\n<td width=\"109\"><strong>\u00a0<\/strong><\/td>\n<td width=\"485\"><strong>Smith, Alexandra (CHILE)<\/strong><br \/>\nServicio Hidrogr\u00e1fico y Oceanogr\u00e1fico de la Armada (SHOA), Library<br \/>\nbiblioteca@shoa.cl<\/td>\n<\/tr>\n<tr>\n<td width=\"109\"><strong>\u00a0<img loading=\"lazy\" class=\"aligncenter size-large wp-image-338\" src=\"http:\/\/www.iamslic.org\/grupolatino\/wp-content\/uploads\/2017\/09\/IMG_6337-1.jpg\" alt=\"\" width=\"1\" height=\"1\" \/> <a href=\"http:\/\/www.mgap.gub.uy\/unidad-ejecutora\/direccion-nacional-de-recursos-acuaticos\/\" target=\"_blank\" rel=\"noopener\"><img loading=\"lazy\" class=\"aligncenter wp-image-352 size-thumbnail\" src=\"http:\/\/www.iamslic.org\/grupolatino\/wp-content\/uploads\/2017\/09\/Logo-MAGP-DINARA-NUEVO-SM-150x104.png\" alt=\"\" width=\"150\" height=\"104\" \/><\/a><\/strong><\/td>\n<td width=\"485\"><strong>Sogaray, Aida (URUGUAY)<\/strong><br \/>\nCentro de Documentaci\u00f3n y Biblioteca de\u00a0la Direcci\u00f3n Nacional\u00a0de Recursos Acu\u00e1ticos &#8211; CEDYBI &#8211; MGAP-DINARA<br \/>\n<span style=\"color: #000000;\">Constituyente 1497, CP 11.20<\/span>0 &#8211; C.C. 5054 Suc. Cord\u00f3n<br \/>\nMontevideo &#8211; Uruguay<br \/>\n+598 2400 4689 int. 142 y 144<br \/>\n+598 2401 3216 (Fax)<br \/>\n<a href=\"http:\/\/www.mgap.gub.uy\/dinara\" target=\"_blank\" rel=\"noopener\">http:\/\/www.mgap.gub.uy\/dinara<\/a><br \/>\n<a style=\"font-family: inherit; font-size: inherit;\" href=\"mailto:asogaray@dinara.gub.uy\">asogaray@dinara.gub.uy<\/a><\/td>\n<\/tr>\n<tr>\n<td width=\"109\"><strong>\u00a0<\/strong><\/td>\n<td width=\"485\"><strong>Solar, Patricia (CHILE)\u00a0 \u00a0\u00a0<\/strong><br \/>\nU. Austral de Chile<br \/>\n<a href=\"mailto:conmuta-biblio@uach.cl\">conmuta-biblio@uach.cl<\/a><\/td>\n<\/tr>\n<tr>\n<td width=\"109\"><strong>\u00a0<\/strong><\/td>\n<td width=\"485\"><strong>Thomas S\u00e1nchez, Ruby (CUBA)<\/strong><br \/>\nCentro de Investigaciones Pesqueras (CIP)La Habana, Cuba<br \/>\nruby@cip.alinet.cu<\/td>\n<\/tr>\n<tr>\n<td width=\"109\"><strong>\u00a0<a href=\"http:\/\/www.ciad.mx\" target=\"_blank\" rel=\"noopener\"><img loading=\"lazy\" class=\"alignleft size-full wp-image-97\" src=\"http:\/\/www.iamslic.org\/grupolatino\/wp-content\/uploads\/2017\/09\/CIAD-logo.jpg\" alt=\"\" width=\"100\" height=\"119\" \/><\/a><\/strong><\/td>\n<td width=\"485\"><strong>Williams Holland, Valerie (M\u00c9XICO)<\/strong><br \/>\nCentro de Investigaci\u00f3n en Alimentaci\u00f3n y Desarrollo, A.C., Coordinaci\u00f3n de Acuicultura y Manejo Ambiental (Unidad Regional-Mazatl\u00e1n)<br \/>\nAv. S\u00e1balo Cerritos s\/n,<br \/>\nMazatl\u00e1n, Sinaloa, M\u00e9xico, C.P. 82100<br \/>\n+52 (669) 989 8700<br \/>\n<a href=\"http:\/\/www.ciad.mx\/\" target=\"_blank\" rel=\"noopener\" data-saferedirecturl=\"https:\/\/www.google.com\/url?hl=es&amp;q=http:\/\/www.ciad.mx&amp;source=gmail&amp;ust=1504808265217000&amp;usg=AFQjCNGo0JkBR1b0yjmYOS1_3eZp1ACm0A\">http:\/\/www.ciad.mx<\/a><br \/>\nbiblioteca.mazatlan@ciad.mx, val@ciad.mx<\/td>\n<\/tr>\n<tr>\n<td width=\"109\"><strong>\u00a0<\/strong><\/td>\n<td width=\"485\"><strong>Yusta, Sara (CHILE)\u00a0\u00a0<\/strong><br \/>\nUniversidad de Magallanes, Biblioteca Central<br \/>\nsyusta@yahoo.com<\/td>\n<\/tr>\n<\/tbody>\n<\/table>\n<\/div>\n","protected":false},"excerpt":{"rendered":"<p>\u00a0 \u00c1lvarez Mendoza, Alicia (ECUADOR) Biblioteca INOCAR Instituto Oceanogr\u00e1fico de la Armada del Ecuador biblioteca@inocar.mil.ec \u00a0 Arita, Maria Salete Ribelatto (BRASIL) UEM\/Nup\u00e9lia Biblioteca Setorial do Nup\u00e9lia Bloco G-90, sala 107 Av. Colombo, 5790 87020-900 Maring\u00e1, PR http:\/\/www.nupelia.uem.br\/setores\/biblioteca http:\/\/www.bce.uem.br\/nupelia salete@nupelia.uem.br \u00a0 Barria, Ghislaine (CHILE) Instituto De Fomento Pesquero Valparaiso, Chile ghislaine.barria@ifop.cl \u00a0 Barriga Ramirez, Teresa (M\u00c9XICO) [&hellip;]<\/p>\n","protected":false},"author":2,"featured_media":0,"parent":0,"menu_order":0,"comment_status":"closed","ping_status":"closed","template":"","meta":[],"_links":{"self":[{"href":"https:\/\/www.iamslic.org\/grupolatino\/wp-json\/wp\/v2\/pages\/47"}],"collection":[{"href":"https:\/\/www.iamslic.org\/grupolatino\/wp-json\/wp\/v2\/pages"}],"about":[{"href":"https:\/\/www.iamslic.org\/grupolatino\/wp-json\/wp\/v2\/types\/page"}],"author":[{"embeddable":true,"href":"https:\/\/www.iamslic.org\/grupolatino\/wp-json\/wp\/v2\/users\/2"}],"replies":[{"embeddable":true,"href":"https:\/\/www.iamslic.org\/grupolatino\/wp-json\/wp\/v2\/comments?post=47"}],"version-history":[{"count":10,"href":"https:\/\/www.iamslic.org\/grupolatino\/wp-json\/wp\/v2\/pages\/47\/revisions"}],"predecessor-version":[{"id":416,"href":"https:\/\/www.iamslic.org\/grupolatino\/wp-json\/wp\/v2\/pages\/47\/revisions\/416"}],"wp:attachment":[{"href":"https:\/\/www.iamslic.org\/grupolatino\/wp-json\/wp\/v2\/media?parent=47"}],"curies":[{"name":"wp","href":"https:\/\/api.w.org\/{rel}","templated":true}]}}