{"id":366,"date":"2017-10-24T21:40:52","date_gmt":"2017-10-24T21:40:52","guid":{"rendered":"http:\/\/www.iamslic.org\/grupolatino\/?page_id=366"},"modified":"2017-10-24T22:16:18","modified_gmt":"2017-10-24T22:16:18","slug":"publicaciones","status":"publish","type":"page","link":"https:\/\/www.iamslic.org\/grupolatino\/publicaciones\/","title":{"rendered":"Publicaciones"},"content":{"rendered":"<p><a href=\"http:\/\/www.iamslic.org\/grupolatino\/wp-content\/uploads\/2017\/10\/Sogaray-Morelli-2016.pdf\" target=\"_blank\" rel=\"noopener\"><strong>TOWARDS QUALITY OF ACADEMIC PUBLICATIONS IN URUGUAY<\/strong><\/a><br \/>\nA\u00f1o: 2016\u00a0 \u00a0 \u00a0 \u00a0 \u00a0 \u00a0 \u00a0 \u00a0 \u00a0 \u00a0 \u00a0 \u00a0 \u00a0 \u00a0 \u00a0 \u00a0 \u00a0 \u00a0Autores: Aida Sogaray, Teresa Morelli<\/p>\n<p><strong>Abstract<\/strong><br \/>\nLibrarians and publishers of scientific journals from multiple disciplines in Uruguay created a network after the First Training Workshop for Publishers: Scientific Journals and Quality Criteria, organized by Latindex and SciELO Uruguay. Among its objectives, among other topics of common interest, are the following: to identify both problems and needs of national publishers of academic journals, and to seek advice and information on copyright in the (Creative Commons) digital environment. As a result, meetings take place, working groups are formed. Electronic courses and workshops on Journal Publishing in the OJS (Open Journal System) platform are given. During 2015 the Uruguayan Association of Academic Journals (AURA) was created, bringing together publishers from the most diverse academic disciplines who seek to improve the quality of their journals.<\/p>\n<hr \/>\n<p><a href=\"http:\/\/www.iamslic.org\/grupolatino\/wp-content\/uploads\/2017\/10\/141-643-1-PB.pdf\" target=\"_blank\" rel=\"noopener\"><strong>RED DE REPOSITORIOS IODE\/COI\/UNESCO DE ACCESO ABIERTO EN CIENCIAS MARINAS EN AMERICA LATINA Y EL CARIBE: OceanDocs<\/strong><\/a><br \/>\nA\u00f1o: 2013\u00a0 \u00a0 \u00a0 \u00a0 \u00a0 \u00a0 \u00a0 \u00a0 \u00a0Autores:\u00a0 Andrea Cristiani,\u00a0Enma Fonseca,\u00a0Gabriela Silvoni,\u00a0Aida Sogaray<\/p>\n<p><strong>Resumen<\/strong><br \/>\nSe presenta la organizaci\u00f3n, funciones y evoluci\u00f3n de la red de repositorios de acceso abierto OceanDocs, particularmente la experiencia de instituciones vinculadas a las Ciencias Marinas en Am\u00e9rica Latina y el Caribe. En el marco de las Redes de Datos e Informaci\u00f3n Oceanogr\u00e1fica de la Comisi\u00f3n Oceanogr\u00e1fica Intergubernamental (COI) de UNESCO, surgieron iniciativas de repositorios locales y regionales, que m\u00e1s tarde se consolidan y dan lugar a la red internacional de repositorios en Ciencias Marinas: OceanDocs. En la actualidad esta red est\u00e1 integrada por repositorios institucionales, repositorios regionales y un repositorio central alojado por la COI. OceanDocs cuenta con pol\u00edticas comunes definidas, un Grupo Directivo conformado por especialistas de distintas \u00e1reas que planifica y establece las directrices para la red, coordinadores nacionales y regionales, Unidades de Informaci\u00f3n a nivel institucional responsables de la carga de documentos, y una creciente comunidad de usuarios a nivel global.<\/p>\n<hr \/>\n<p>&nbsp;<\/p>\n","protected":false},"excerpt":{"rendered":"<p>TOWARDS QUALITY OF ACADEMIC PUBLICATIONS IN URUGUAY A\u00f1o: 2016\u00a0 \u00a0 \u00a0 \u00a0 \u00a0 \u00a0 \u00a0 \u00a0 \u00a0 \u00a0 \u00a0 \u00a0 \u00a0 \u00a0 \u00a0 \u00a0 \u00a0 \u00a0Autores: Aida Sogaray, Teresa Morelli Abstract Librarians and publishers of scientific journals from multiple disciplines in Uruguay created a network after the First Training Workshop for Publishers: Scientific Journals and [&hellip;]<\/p>\n","protected":false},"author":2,"featured_media":0,"parent":0,"menu_order":0,"comment_status":"closed","ping_status":"closed","template":"","meta":[],"_links":{"self":[{"href":"https:\/\/www.iamslic.org\/grupolatino\/wp-json\/wp\/v2\/pages\/366"}],"collection":[{"href":"https:\/\/www.iamslic.org\/grupolatino\/wp-json\/wp\/v2\/pages"}],"about":[{"href":"https:\/\/www.iamslic.org\/grupolatino\/wp-json\/wp\/v2\/types\/page"}],"author":[{"embeddable":true,"href":"https:\/\/www.iamslic.org\/grupolatino\/wp-json\/wp\/v2\/users\/2"}],"replies":[{"embeddable":true,"href":"https:\/\/www.iamslic.org\/grupolatino\/wp-json\/wp\/v2\/comments?post=366"}],"version-history":[{"count":8,"href":"https:\/\/www.iamslic.org\/grupolatino\/wp-json\/wp\/v2\/pages\/366\/revisions"}],"predecessor-version":[{"id":378,"href":"https:\/\/www.iamslic.org\/grupolatino\/wp-json\/wp\/v2\/pages\/366\/revisions\/378"}],"wp:attachment":[{"href":"https:\/\/www.iamslic.org\/grupolatino\/wp-json\/wp\/v2\/media?parent=366"}],"curies":[{"name":"wp","href":"https:\/\/api.w.org\/{rel}","templated":true}]}}