{"id":265,"date":"2017-09-14T19:12:02","date_gmt":"2017-09-14T19:12:02","guid":{"rendered":"http:\/\/www.iamslic.org\/grupolatino\/?page_id=265"},"modified":"2017-12-21T17:09:12","modified_gmt":"2017-12-21T17:09:12","slug":"mision-y-vision","status":"publish","type":"page","link":"https:\/\/www.iamslic.org\/grupolatino\/mision-y-vision\/","title":{"rendered":"Misi\u00f3n y Visi\u00f3n"},"content":{"rendered":"<h3><strong>Misi\u00f3n<\/strong><\/h3>\n<p>Mantener contacto permanente entre los integrantes latinos de IAMSLIC, para<br \/>\nintercambiar ideas, recursos y desarrollar proyectos conjuntos de inter\u00e9s regional que<br \/>\nbeneficien a quienes prestamos servicio en nuestro quehacer diario.<\/p>\n<p>&nbsp;<\/p>\n<h3><strong>Visi\u00f3n<\/strong><\/h3>\n<p>Ser reconocido a nivel latinoamericano, como la organizaci\u00f3n que de manera<br \/>\norganizada y colaborativa, provee informaci\u00f3n actualizada en el \u00e1rea de las Ciencias Acu\u00e1ticas<br \/>\ny Marinas.<\/p>\n","protected":false},"excerpt":{"rendered":"<p>Misi\u00f3n Mantener contacto permanente entre los integrantes latinos de IAMSLIC, para intercambiar ideas, recursos y desarrollar proyectos conjuntos de inter\u00e9s regional que beneficien a quienes prestamos servicio en nuestro quehacer diario. &nbsp; Visi\u00f3n Ser reconocido a nivel latinoamericano, como la organizaci\u00f3n que de manera organizada y colaborativa, provee informaci\u00f3n actualizada en el \u00e1rea de las [&hellip;]<\/p>\n","protected":false},"author":2,"featured_media":0,"parent":0,"menu_order":0,"comment_status":"closed","ping_status":"closed","template":"","meta":[],"_links":{"self":[{"href":"https:\/\/www.iamslic.org\/grupolatino\/wp-json\/wp\/v2\/pages\/265"}],"collection":[{"href":"https:\/\/www.iamslic.org\/grupolatino\/wp-json\/wp\/v2\/pages"}],"about":[{"href":"https:\/\/www.iamslic.org\/grupolatino\/wp-json\/wp\/v2\/types\/page"}],"author":[{"embeddable":true,"href":"https:\/\/www.iamslic.org\/grupolatino\/wp-json\/wp\/v2\/users\/2"}],"replies":[{"embeddable":true,"href":"https:\/\/www.iamslic.org\/grupolatino\/wp-json\/wp\/v2\/comments?post=265"}],"version-history":[{"count":3,"href":"https:\/\/www.iamslic.org\/grupolatino\/wp-json\/wp\/v2\/pages\/265\/revisions"}],"predecessor-version":[{"id":434,"href":"https:\/\/www.iamslic.org\/grupolatino\/wp-json\/wp\/v2\/pages\/265\/revisions\/434"}],"wp:attachment":[{"href":"https:\/\/www.iamslic.org\/grupolatino\/wp-json\/wp\/v2\/media?parent=265"}],"curies":[{"name":"wp","href":"https:\/\/api.w.org\/{rel}","templated":true}]}}