{"id":260,"date":"2017-09-14T18:22:49","date_gmt":"2017-09-14T18:22:49","guid":{"rendered":"http:\/\/www.iamslic.org\/grupolatino\/?page_id=260"},"modified":"2017-10-06T21:20:26","modified_gmt":"2017-10-06T21:20:26","slug":"comite-de-trabajo","status":"publish","type":"page","link":"https:\/\/www.iamslic.org\/grupolatino\/comite-de-trabajo\/","title":{"rendered":"Comit\u00e9 de Trabajo  2016-2018"},"content":{"rendered":"<p>COORDINADORA<br \/>\n<strong>SARA YUSTA MANTEROLA<\/strong><br \/>\nUniversidad de Magallanes, Biblioteca Central<br \/>\nsyusta@yahoo.com, sara.yusta@umag.cl<\/p>\n<hr \/>\n<p>SECRETARIA<\/p>\n<p>TESORERA<\/p>\n<p>VOCAL<\/p>\n<p>VOCAL<\/p>\n<hr \/>\n<p>Responsable de sitio Web:<br \/>\n<strong>DELIA ESQUER MEL\u00c9NDEZ<\/strong><br \/>\nUniversidad Aut\u00f3noma de Baja California<br \/>\nEnsenada, Baja California, M\u00e9xico<br \/>\n(desquer@uabc.edu.mx)<\/p>\n","protected":false},"excerpt":{"rendered":"<p>COORDINADORA SARA YUSTA MANTEROLA Universidad de Magallanes, Biblioteca Central syusta@yahoo.com, sara.yusta@umag.cl SECRETARIA TESORERA VOCAL VOCAL Responsable de sitio Web: DELIA ESQUER MEL\u00c9NDEZ Universidad Aut\u00f3noma de Baja California Ensenada, Baja California, M\u00e9xico (desquer@uabc.edu.mx)<\/p>\n","protected":false},"author":2,"featured_media":0,"parent":0,"menu_order":0,"comment_status":"closed","ping_status":"closed","template":"","meta":[],"_links":{"self":[{"href":"https:\/\/www.iamslic.org\/grupolatino\/wp-json\/wp\/v2\/pages\/260"}],"collection":[{"href":"https:\/\/www.iamslic.org\/grupolatino\/wp-json\/wp\/v2\/pages"}],"about":[{"href":"https:\/\/www.iamslic.org\/grupolatino\/wp-json\/wp\/v2\/types\/page"}],"author":[{"embeddable":true,"href":"https:\/\/www.iamslic.org\/grupolatino\/wp-json\/wp\/v2\/users\/2"}],"replies":[{"embeddable":true,"href":"https:\/\/www.iamslic.org\/grupolatino\/wp-json\/wp\/v2\/comments?post=260"}],"version-history":[{"count":7,"href":"https:\/\/www.iamslic.org\/grupolatino\/wp-json\/wp\/v2\/pages\/260\/revisions"}],"predecessor-version":[{"id":363,"href":"https:\/\/www.iamslic.org\/grupolatino\/wp-json\/wp\/v2\/pages\/260\/revisions\/363"}],"wp:attachment":[{"href":"https:\/\/www.iamslic.org\/grupolatino\/wp-json\/wp\/v2\/media?parent=260"}],"curies":[{"name":"wp","href":"https:\/\/api.w.org\/{rel}","templated":true}]}}