{"id":226,"date":"2017-09-14T17:35:40","date_gmt":"2017-09-14T17:35:40","guid":{"rendered":"http:\/\/www.iamslic.org\/grupolatino\/?page_id=226"},"modified":"2017-12-21T19:50:48","modified_gmt":"2017-12-21T19:50:48","slug":"antecedentes","status":"publish","type":"page","link":"https:\/\/www.iamslic.org\/grupolatino\/antecedentes\/","title":{"rendered":"Antecedentes"},"content":{"rendered":"<p>La Asociaci\u00f3n Internacional de Bibliotecas y Centros de Informaci\u00f3n en Ciencias Marinas y \u00a0Acu\u00e1ticas (IAMSLIC, por sus siglas en ingl\u00e9s) posee una amplia historia de cooperaci\u00f3n con organizaciones internacionales de todo tipo: institutos de investigaci\u00f3n, agencias gubernamentales, escuelas, universidades, organizaciones privadas y sin fines de lucro; \u00a0es un foro para el intercambio y la exploraci\u00f3n de ideas y cuestiones de mutuo inter\u00e9s,\u00a0 que brinda grandes oportunidades a sus miembros a trav\u00e9s de su participaci\u00f3n en los grupos regionales.<\/p>\n<div class=\"ha\">\n<p tabindex=\"-1\">El Grupo Regional Latinoamericano \u00a0(GL) es uno de los seis grupos regionales de IAMSLIC y te brinda la oportunidad de relacionarte con colegas, celebrar reuniones regionales y llevar a cabo proyectos de inter\u00e9s regional y global.<\/p>\n<p class=\"hP\" tabindex=\"-1\">El GL se form\u00f3 con la voluntad de particulares e instituciones de latinoam\u00e9rica. Los miembros representan instituciones gubernamentales y acad\u00e9micas (p\u00fablicas y privadas) relacionadas con el ambiente acu\u00e1tico y marino, as\u00ed como otras disciplinas relacionadas. El Consejo Ejecutivo de IAMSLIC \u00a0aprob\u00f3 su creaci\u00f3n en agosto de 2003 y se fund\u00f3 con 22 miembros de 9 Pa\u00edses: Argentina, Brasil, Chile, Colombia, Cuba, Ecuador, M\u00e9xico, Per\u00fa y Uruguay. Actualmente (2017) somos 33 miembros.<\/p>\n<hr \/>\n<\/div>\n<h5><strong>Coordinadores Grupo Regional Latino Americano:<\/strong><br \/>\n[2003-2006]\u00a0Ma. Clara Ram\u00edrez Jauregui , ICLyL-UNAM, M\u00e9xico<br \/>\n[2007\u20132009]\u00a0Guillermina \u00a0Cosulich, INIDEP, Argentina<br \/>\n[2010-2012]\u00a0Teresa Barriga, CICIMAR-IPN, M\u00e9xico<br \/>\n[2013-2016]\u00a0Aida Sogaray, DINARA, Uruguay<br \/>\n[2017-2018]\u00a0Sara Yusta, Universidad de Magallanes, Chile<\/h5>\n","protected":false},"excerpt":{"rendered":"<p>La Asociaci\u00f3n Internacional de Bibliotecas y Centros de Informaci\u00f3n en Ciencias Marinas y \u00a0Acu\u00e1ticas (IAMSLIC, por sus siglas en ingl\u00e9s) posee una amplia historia de cooperaci\u00f3n con organizaciones internacionales de todo tipo: institutos de investigaci\u00f3n, agencias gubernamentales, escuelas, universidades, organizaciones privadas y sin fines de lucro; \u00a0es un foro para el intercambio y la exploraci\u00f3n [&hellip;]<\/p>\n","protected":false},"author":2,"featured_media":0,"parent":0,"menu_order":0,"comment_status":"closed","ping_status":"closed","template":"","meta":[],"_links":{"self":[{"href":"https:\/\/www.iamslic.org\/grupolatino\/wp-json\/wp\/v2\/pages\/226"}],"collection":[{"href":"https:\/\/www.iamslic.org\/grupolatino\/wp-json\/wp\/v2\/pages"}],"about":[{"href":"https:\/\/www.iamslic.org\/grupolatino\/wp-json\/wp\/v2\/types\/page"}],"author":[{"embeddable":true,"href":"https:\/\/www.iamslic.org\/grupolatino\/wp-json\/wp\/v2\/users\/2"}],"replies":[{"embeddable":true,"href":"https:\/\/www.iamslic.org\/grupolatino\/wp-json\/wp\/v2\/comments?post=226"}],"version-history":[{"count":9,"href":"https:\/\/www.iamslic.org\/grupolatino\/wp-json\/wp\/v2\/pages\/226\/revisions"}],"predecessor-version":[{"id":365,"href":"https:\/\/www.iamslic.org\/grupolatino\/wp-json\/wp\/v2\/pages\/226\/revisions\/365"}],"wp:attachment":[{"href":"https:\/\/www.iamslic.org\/grupolatino\/wp-json\/wp\/v2\/media?parent=226"}],"curies":[{"name":"wp","href":"https:\/\/api.w.org\/{rel}","templated":true}]}}