{"id":224,"date":"2017-09-14T17:35:17","date_gmt":"2017-09-14T17:35:17","guid":{"rendered":"http:\/\/www.iamslic.org\/grupolatino\/?page_id=224"},"modified":"2017-12-21T17:04:09","modified_gmt":"2017-12-21T17:04:09","slug":"mensaje-de-bienvenida","status":"publish","type":"page","link":"https:\/\/www.iamslic.org\/grupolatino\/mensaje-de-bienvenida\/","title":{"rendered":"Mensaje de Bienvenida"},"content":{"rendered":"<p>El Grupo Regional Latino de la Asociaci\u00f3n Internacional de Bibliotecas y Centros de<br \/>\nInformaci\u00f3n de Ciencias Acu\u00e1ticas y Marinas (IAMSLIC por su sigla en ingl\u00e9s), les da la<br \/>\nbienvenida al su sitio oficial.<br \/>\nNuestro objetivo es compartir experiencias, vivencias, aprendizajes y recursos en<br \/>\npost de contribuir al principal objetivo de nuestro quehacer, que no es otro que ofrecer<br \/>\nservicios de informaci\u00f3n a la comunidad que atendemos d\u00eda a d\u00eda.<br \/>\nLes invitamos a participar, aportar y seguir creciendo en post de fortalecer la<br \/>\nagrupaci\u00f3n.<\/p>\n<table>\n<tbody>\n<tr>\n<td>\n<p><div id=\"attachment_269\" style=\"width: 223px\" class=\"wp-caption aligncenter\"><img aria-describedby=\"caption-attachment-269\" loading=\"lazy\" class=\" wp-image-269\" src=\"http:\/\/www.iamslic.org\/grupolatino\/wp-content\/uploads\/2017\/09\/Sara-Yusta-Manterola.jpg\" alt=\"\" width=\"213\" height=\"302\" srcset=\"https:\/\/www.iamslic.org\/grupolatino\/wp-content\/uploads\/2017\/09\/Sara-Yusta-Manterola.jpg 641w, https:\/\/www.iamslic.org\/grupolatino\/wp-content\/uploads\/2017\/09\/Sara-Yusta-Manterola-211x300.jpg 211w, https:\/\/www.iamslic.org\/grupolatino\/wp-content\/uploads\/2017\/09\/Sara-Yusta-Manterola-268x380.jpg 268w\" sizes=\"(max-width: 213px) 100vw, 213px\" \/><p id=\"caption-attachment-269\" class=\"wp-caption-text\">Sara Yusta Manterola<br \/>Coordinadora del Grupo Latinoamericano 2016-2018<\/p><\/div><\/td>\n<td><\/td>\n<\/tr>\n<\/tbody>\n<\/table>\n","protected":false},"excerpt":{"rendered":"<p>El Grupo Regional Latino de la Asociaci\u00f3n Internacional de Bibliotecas y Centros de Informaci\u00f3n de Ciencias Acu\u00e1ticas y Marinas (IAMSLIC por su sigla en ingl\u00e9s), les da la bienvenida al su sitio oficial. Nuestro objetivo es compartir experiencias, vivencias, aprendizajes y recursos en post de contribuir al principal objetivo de nuestro quehacer, que no es [&hellip;]<\/p>\n","protected":false},"author":2,"featured_media":0,"parent":0,"menu_order":0,"comment_status":"closed","ping_status":"closed","template":"","meta":[],"_links":{"self":[{"href":"https:\/\/www.iamslic.org\/grupolatino\/wp-json\/wp\/v2\/pages\/224"}],"collection":[{"href":"https:\/\/www.iamslic.org\/grupolatino\/wp-json\/wp\/v2\/pages"}],"about":[{"href":"https:\/\/www.iamslic.org\/grupolatino\/wp-json\/wp\/v2\/types\/page"}],"author":[{"embeddable":true,"href":"https:\/\/www.iamslic.org\/grupolatino\/wp-json\/wp\/v2\/users\/2"}],"replies":[{"embeddable":true,"href":"https:\/\/www.iamslic.org\/grupolatino\/wp-json\/wp\/v2\/comments?post=224"}],"version-history":[{"count":6,"href":"https:\/\/www.iamslic.org\/grupolatino\/wp-json\/wp\/v2\/pages\/224\/revisions"}],"predecessor-version":[{"id":432,"href":"https:\/\/www.iamslic.org\/grupolatino\/wp-json\/wp\/v2\/pages\/224\/revisions\/432"}],"wp:attachment":[{"href":"https:\/\/www.iamslic.org\/grupolatino\/wp-json\/wp\/v2\/media?parent=224"}],"curies":[{"name":"wp","href":"https:\/\/api.w.org\/{rel}","templated":true}]}}