{"id":2,"date":"2016-11-04T18:33:26","date_gmt":"2016-11-04T18:33:26","guid":{"rendered":"http:\/\/www.iamslic.org\/grupolatino\/?page_id=2"},"modified":"2017-09-27T22:17:29","modified_gmt":"2017-09-27T22:17:29","slug":"sample-page","status":"publish","type":"page","link":"https:\/\/www.iamslic.org\/grupolatino\/","title":{"rendered":"Inicio"},"content":{"rendered":"<p style=\"text-align: center;\"><strong>Bienvenidos al nuevo sitio Web del Grupo Latinoamericano de IAMSLIC !!!!\u00a0<\/strong><\/p>\n<p style=\"text-align: center;\"><div class=\"slider-wrapper theme-light\"><div class=\"ribbon\"><\/div><div id=\"nivoslider-2lBVy-333\" class=\"nivoSlider\"><img src=\"https:\/\/www.iamslic.org\/grupolatino\/wp-content\/uploads\/2017\/09\/IAMSLIC_group_photo_2016-letrero-SM.jpg\" alt=\"\" \/><img src=\"https:\/\/www.iamslic.org\/grupolatino\/wp-content\/uploads\/2017\/09\/IAMSLIC_We_are_2016-6.jpg\" alt=\"\" \/><img src=\"https:\/\/www.iamslic.org\/grupolatino\/wp-content\/uploads\/2017\/09\/IMG_6337_SM-SM.jpg\" alt=\"\" \/><\/div><\/div><script type=\"text\/javascript\">\njQuery(window).load(function(){\n    jQuery(\"#nivoslider-2lBVy-333\").nivoSlider({\n        effect:\"fade\",\n        slices:15,\n        boxCols:8,\n        boxRows:4,\n        animSpeed:500,\n        pauseTime:3000,\n        startSlide:0,\n        directionNav:true,\n        controlNav:true,\n        controlNavThumbs:false,\n        pauseOnHover:false,\n        manualAdvance:false\n    });\n});\n<\/script>\n<\/p>\n<p>Estimados Colegas,<\/p>\n<p>Los invitamos a colaborar en la construcci\u00f3n de este espacio virtual que se nos ha concedido. Pretendemos que \u00e9ste sea un espacio de comunicaci\u00f3n y al mismo tiempo una plataforma informativa, la cual entre todos la mantengamos actualizada con noticias, cursos, eventos, enlaces de inter\u00e9s y todo aquello que se desee compartir con el resto del grupo y con los aspirantes a formar parte del GL.<\/p>\n<p>Los saludamos muy afectuosamente y estaremos a la espera de su amable respuesta.<\/p>\n<p>GRUPO LATINO<\/p>\n<p>&nbsp;<\/p>\n","protected":false},"excerpt":{"rendered":"<p>Bienvenidos al nuevo sitio Web del Grupo Latinoamericano de IAMSLIC !!!!\u00a0 Estimados Colegas, Los invitamos a colaborar en la construcci\u00f3n de este espacio virtual que se nos ha concedido. Pretendemos que \u00e9ste sea un espacio de comunicaci\u00f3n y al mismo tiempo una plataforma informativa, la cual entre todos la mantengamos actualizada con noticias, cursos, eventos, [&hellip;]<\/p>\n","protected":false},"author":1,"featured_media":0,"parent":0,"menu_order":0,"comment_status":"closed","ping_status":"open","template":"","meta":[],"_links":{"self":[{"href":"https:\/\/www.iamslic.org\/grupolatino\/wp-json\/wp\/v2\/pages\/2"}],"collection":[{"href":"https:\/\/www.iamslic.org\/grupolatino\/wp-json\/wp\/v2\/pages"}],"about":[{"href":"https:\/\/www.iamslic.org\/grupolatino\/wp-json\/wp\/v2\/types\/page"}],"author":[{"embeddable":true,"href":"https:\/\/www.iamslic.org\/grupolatino\/wp-json\/wp\/v2\/users\/1"}],"replies":[{"embeddable":true,"href":"https:\/\/www.iamslic.org\/grupolatino\/wp-json\/wp\/v2\/comments?post=2"}],"version-history":[{"count":10,"href":"https:\/\/www.iamslic.org\/grupolatino\/wp-json\/wp\/v2\/pages\/2\/revisions"}],"predecessor-version":[{"id":342,"href":"https:\/\/www.iamslic.org\/grupolatino\/wp-json\/wp\/v2\/pages\/2\/revisions\/342"}],"wp:attachment":[{"href":"https:\/\/www.iamslic.org\/grupolatino\/wp-json\/wp\/v2\/media?parent=2"}],"curies":[{"name":"wp","href":"https:\/\/api.w.org\/{rel}","templated":true}]}}