{"id":150,"date":"2017-09-11T20:29:08","date_gmt":"2017-09-11T20:29:08","guid":{"rendered":"http:\/\/www.iamslic.org\/grupolatino\/?page_id=150"},"modified":"2017-09-27T16:29:49","modified_gmt":"2017-09-27T16:29:49","slug":"enlaces-de-interes","status":"publish","type":"page","link":"https:\/\/www.iamslic.org\/grupolatino\/enlaces-de-interes\/","title":{"rendered":"Enlaces de inter\u00e9s"},"content":{"rendered":"<ul>\n<li><a href=\"http:\/\/aquaticcommons.org\" target=\"_blank\" rel=\"noopener\">Acuatic Commons<\/a><\/li>\n<li><a href=\"http:\/\/www.sidalc.net\/\" target=\"_blank\" rel=\"noopener\">Alianza de Servicios de Informaci\u00f3n Agropecuaria (SIDALC)<\/a><\/li>\n<li><a href=\"http:\/\/www.ala.org\" target=\"_blank\" rel=\"noopener\">American Library Association<\/a><\/li>\n<li><a href=\"http:\/\/www.cccp.org.co\" target=\"_blank\" rel=\"noopener\">Centro de Investigaciones Oceanogr\u00e1ficas e Hidrogr\u00e1ficas (Colombia)<\/a><\/li>\n<li><a href=\"http:\/\/www.fao.org\/home\/es\/\" target=\"_blank\" rel=\"noopener\">FAO &#8211; Organzaci\u00f3n de las Naciones Unidas para la Alimentaci\u00f3n y la Agricultura<\/a><\/li>\n<li><a href=\"http:\/\/www.nuestromar.org\" target=\"_blank\" rel=\"noopener\">Fundaci\u00f3n Nuestro Mar<\/a><\/li>\n<li><a href=\"http:\/\/www.iamslic.org\" target=\"_blank\" rel=\"noopener\">IAMSLIC \u00a0&#8211; International Association of Aquatic and Marine Science Libraries and Information Centers<\/a><\/li>\n<li><a href=\"http:\/\/www.oceandocs.org\/\" target=\"_blank\" rel=\"noopener\">OceanDocs<\/a><\/li>\n<li><a href=\"http:\/\/www.odincarsa.org\/\" target=\"_blank\" rel=\"noopener\">ODINCARSA Latinoam\u00e9rica<\/a><\/li>\n<li><a href=\"http:\/\/www.iode.org\" target=\"_blank\" rel=\"noopener\">IODE &#8211;\u00a0International Oceanographic Data and Information Exchange<\/a><\/li>\n<li><a href=\"http:\/\/classroom.oceanteacher.org\/\" target=\"_blank\" rel=\"noopener\">OTGA &#8211; Ocean Teacher Global Academy<\/a><\/li>\n<li><a href=\"http:\/\/lanic.utexas.edu\/project\/laoap\/indexesp.html\" target=\"_blank\" rel=\"noopener\">Portal de Archivos Abiertos de Am\u00e9rica Latina<\/a><\/li>\n<\/ul>\n","protected":false},"excerpt":{"rendered":"<p>Acuatic Commons Alianza de Servicios de Informaci\u00f3n Agropecuaria (SIDALC) American Library Association Centro de Investigaciones Oceanogr\u00e1ficas e Hidrogr\u00e1ficas (Colombia) FAO &#8211; Organzaci\u00f3n de las Naciones Unidas para la Alimentaci\u00f3n y la Agricultura Fundaci\u00f3n Nuestro Mar IAMSLIC \u00a0&#8211; International Association of Aquatic and Marine Science Libraries and Information Centers OceanDocs ODINCARSA Latinoam\u00e9rica IODE &#8211;\u00a0International Oceanographic Data [&hellip;]<\/p>\n","protected":false},"author":2,"featured_media":0,"parent":0,"menu_order":0,"comment_status":"closed","ping_status":"closed","template":"","meta":[],"_links":{"self":[{"href":"https:\/\/www.iamslic.org\/grupolatino\/wp-json\/wp\/v2\/pages\/150"}],"collection":[{"href":"https:\/\/www.iamslic.org\/grupolatino\/wp-json\/wp\/v2\/pages"}],"about":[{"href":"https:\/\/www.iamslic.org\/grupolatino\/wp-json\/wp\/v2\/types\/page"}],"author":[{"embeddable":true,"href":"https:\/\/www.iamslic.org\/grupolatino\/wp-json\/wp\/v2\/users\/2"}],"replies":[{"embeddable":true,"href":"https:\/\/www.iamslic.org\/grupolatino\/wp-json\/wp\/v2\/comments?post=150"}],"version-history":[{"count":10,"href":"https:\/\/www.iamslic.org\/grupolatino\/wp-json\/wp\/v2\/pages\/150\/revisions"}],"predecessor-version":[{"id":275,"href":"https:\/\/www.iamslic.org\/grupolatino\/wp-json\/wp\/v2\/pages\/150\/revisions\/275"}],"wp:attachment":[{"href":"https:\/\/www.iamslic.org\/grupolatino\/wp-json\/wp\/v2\/media?parent=150"}],"curies":[{"name":"wp","href":"https:\/\/api.w.org\/{rel}","templated":true}]}}